{"id":10116,"date":"2026-01-30T16:55:03","date_gmt":"2026-01-30T16:55:03","guid":{"rendered":"https:\/\/musineinstitute.org\/akademija-2022\/"},"modified":"2026-02-19T13:07:14","modified_gmt":"2026-02-19T13:07:14","slug":"akademija-2022","status":"publish","type":"page","link":"https:\/\/musineinstitute.org\/sr\/akademija-2022\/","title":{"rendered":"Akademija 2022"},"content":{"rendered":"\t\t<div data-elementor-type=\"wp-page\" data-elementor-id=\"10116\" class=\"elementor elementor-10116 elementor-9472\" data-elementor-post-type=\"page\">\n\t\t\t\t<div class=\"elementor-element elementor-element-268c172 e-flex e-con-boxed e-con e-parent\" data-id=\"268c172\" data-element_type=\"container\" data-settings=\"{&quot;background_background&quot;:&quot;classic&quot;}\">\n\t\t\t\t\t<div class=\"e-con-inner\">\n\t\t\t\t<div class=\"elementor-element elementor-element-caacd7b elementor-widget elementor-widget-heading\" data-id=\"caacd7b\" data-element_type=\"widget\" data-widget_type=\"heading.default\">\n\t\t\t\t<div class=\"elementor-widget-container\">\n\t\t\t\t\t<h1 class=\"elementor-heading-title elementor-size-default\">Akademija javne i socijalne politike Musina Kokalari 2022<\/h1>\t\t\t\t<\/div>\n\t\t\t\t<\/div>\n\t\t\t\t\t<\/div>\n\t\t\t\t<\/div>\n\t\t<div class=\"elementor-element elementor-element-0640a62 e-flex e-con-boxed e-con e-parent\" data-id=\"0640a62\" data-element_type=\"container\" data-settings=\"{&quot;background_background&quot;:&quot;classic&quot;}\">\n\t\t\t\t\t<div class=\"e-con-inner\">\n\t\t\t\t<div class=\"elementor-element elementor-element-d6ad208 elementor-arrows-position-inside elementor-widget elementor-widget-image-carousel\" data-id=\"d6ad208\" data-element_type=\"widget\" data-settings=\"{&quot;slides_to_show&quot;:&quot;3&quot;,&quot;slides_to_scroll&quot;:&quot;3&quot;,&quot;navigation&quot;:&quot;arrows&quot;,&quot;autoplay_speed&quot;:500,&quot;speed&quot;:5000,&quot;autoplay&quot;:&quot;yes&quot;,&quot;infinite&quot;:&quot;yes&quot;,&quot;image_spacing_custom&quot;:{&quot;unit&quot;:&quot;px&quot;,&quot;size&quot;:20,&quot;sizes&quot;:[]},&quot;image_spacing_custom_tablet&quot;:{&quot;unit&quot;:&quot;px&quot;,&quot;size&quot;:&quot;&quot;,&quot;sizes&quot;:[]},&quot;image_spacing_custom_mobile&quot;:{&quot;unit&quot;:&quot;px&quot;,&quot;size&quot;:&quot;&quot;,&quot;sizes&quot;:[]}}\" data-widget_type=\"image-carousel.default\">\n\t\t\t\t<div class=\"elementor-widget-container\">\n\t\t\t\t\t\t\t<div class=\"elementor-image-carousel-wrapper swiper\" role=\"region\" aria-roledescription=\"carousel\" aria-label=\"Academy 2022\" dir=\"ltr\">\n\t\t\t<div class=\"elementor-image-carousel swiper-wrapper swiper-image-stretch\" aria-live=\"off\">\n\t\t\t\t\t\t\t\t<div class=\"swiper-slide\" role=\"group\" aria-roledescription=\"slide\" aria-label=\"1 of 25\"><figure class=\"swiper-slide-inner\"><img decoding=\"async\" class=\"swiper-slide-image\" src=\"https:\/\/musineinstitute.org\/wp-content\/uploads\/2026\/02\/472546022_1131336565103178_7655686881062295588_n.jpg\" alt=\"472546022_1131336565103178_7655686881062295588_n\" \/><\/figure><\/div><div class=\"swiper-slide\" role=\"group\" aria-roledescription=\"slide\" aria-label=\"2 of 25\"><figure class=\"swiper-slide-inner\"><img decoding=\"async\" class=\"swiper-slide-image\" src=\"https:\/\/musineinstitute.org\/wp-content\/uploads\/2026\/02\/472544746_1131336238436544_2400321435275284999_n.jpg\" alt=\"472544746_1131336238436544_2400321435275284999_n\" \/><\/figure><\/div><div class=\"swiper-slide\" role=\"group\" aria-roledescription=\"slide\" aria-label=\"3 of 25\"><figure class=\"swiper-slide-inner\"><img decoding=\"async\" class=\"swiper-slide-image\" src=\"https:\/\/musineinstitute.org\/wp-content\/uploads\/2026\/02\/472517337_1131338565102978_7893818993878718941_n.jpg\" alt=\"472517337_1131338565102978_7893818993878718941_n\" \/><\/figure><\/div><div class=\"swiper-slide\" role=\"group\" aria-roledescription=\"slide\" aria-label=\"4 of 25\"><figure class=\"swiper-slide-inner\"><img decoding=\"async\" class=\"swiper-slide-image\" src=\"https:\/\/musineinstitute.org\/wp-content\/uploads\/2026\/02\/472517337_1131337338436434_305174354005648954_n.jpg\" alt=\"472517337_1131337338436434_305174354005648954_n\" \/><\/figure><\/div><div class=\"swiper-slide\" role=\"group\" aria-roledescription=\"slide\" aria-label=\"5 of 25\"><figure class=\"swiper-slide-inner\"><img decoding=\"async\" class=\"swiper-slide-image\" src=\"https:\/\/musineinstitute.org\/wp-content\/uploads\/2026\/02\/472991346_1131337288436439_5152507560225838490_n.jpg\" alt=\"472991346_1131337288436439_5152507560225838490_n\" \/><\/figure><\/div><div class=\"swiper-slide\" role=\"group\" aria-roledescription=\"slide\" aria-label=\"6 of 25\"><figure class=\"swiper-slide-inner\"><img decoding=\"async\" class=\"swiper-slide-image\" src=\"https:\/\/musineinstitute.org\/wp-content\/uploads\/2026\/02\/472983065_1131338811769620_6501860772370580683_n.jpg\" alt=\"472983065_1131338811769620_6501860772370580683_n\" \/><\/figure><\/div><div class=\"swiper-slide\" role=\"group\" aria-roledescription=\"slide\" aria-label=\"7 of 25\"><figure class=\"swiper-slide-inner\"><img decoding=\"async\" class=\"swiper-slide-image\" src=\"https:\/\/musineinstitute.org\/wp-content\/uploads\/2026\/02\/472938063_1131337598436408_2163831121815312297_n.jpg\" alt=\"472938063_1131337598436408_2163831121815312297_n\" \/><\/figure><\/div><div class=\"swiper-slide\" role=\"group\" aria-roledescription=\"slide\" aria-label=\"8 of 25\"><figure class=\"swiper-slide-inner\"><img decoding=\"async\" class=\"swiper-slide-image\" src=\"https:\/\/musineinstitute.org\/wp-content\/uploads\/2026\/02\/472921446_1131336568436511_5210913395573875108_n.jpg\" alt=\"472921446_1131336568436511_5210913395573875108_n\" \/><\/figure><\/div><div class=\"swiper-slide\" role=\"group\" aria-roledescription=\"slide\" aria-label=\"9 of 25\"><figure class=\"swiper-slide-inner\"><img decoding=\"async\" class=\"swiper-slide-image\" src=\"https:\/\/musineinstitute.org\/wp-content\/uploads\/2026\/02\/472847790_1131337325103102_292580303392159467_n.jpg\" alt=\"472847790_1131337325103102_292580303392159467_n\" \/><\/figure><\/div><div class=\"swiper-slide\" role=\"group\" aria-roledescription=\"slide\" aria-label=\"10 of 25\"><figure class=\"swiper-slide-inner\"><img decoding=\"async\" class=\"swiper-slide-image\" src=\"https:\/\/musineinstitute.org\/wp-content\/uploads\/2026\/02\/472803962_1131337335103101_5255414108574290124_n.jpg\" alt=\"472803962_1131337335103101_5255414108574290124_n\" \/><\/figure><\/div><div class=\"swiper-slide\" role=\"group\" aria-roledescription=\"slide\" aria-label=\"11 of 25\"><figure class=\"swiper-slide-inner\"><img decoding=\"async\" class=\"swiper-slide-image\" src=\"https:\/\/musineinstitute.org\/wp-content\/uploads\/2026\/02\/472802257_1131339921769509_4686264677552051107_n.jpg\" alt=\"472802257_1131339921769509_4686264677552051107_n\" \/><\/figure><\/div><div class=\"swiper-slide\" role=\"group\" aria-roledescription=\"slide\" aria-label=\"12 of 25\"><figure class=\"swiper-slide-inner\"><img decoding=\"async\" class=\"swiper-slide-image\" src=\"https:\/\/musineinstitute.org\/wp-content\/uploads\/2026\/02\/472783989_1131337331769768_8428210700771250854_n.jpg\" alt=\"472783989_1131337331769768_8428210700771250854_n\" \/><\/figure><\/div><div class=\"swiper-slide\" role=\"group\" aria-roledescription=\"slide\" aria-label=\"13 of 25\"><figure class=\"swiper-slide-inner\"><img decoding=\"async\" class=\"swiper-slide-image\" src=\"https:\/\/musineinstitute.org\/wp-content\/uploads\/2026\/02\/472744225_1131338698436298_7301505442970371019_n.jpg\" alt=\"472744225_1131338698436298_7301505442970371019_n\" \/><\/figure><\/div><div class=\"swiper-slide\" role=\"group\" aria-roledescription=\"slide\" aria-label=\"14 of 25\"><figure class=\"swiper-slide-inner\"><img decoding=\"async\" class=\"swiper-slide-image\" src=\"https:\/\/musineinstitute.org\/wp-content\/uploads\/2026\/02\/472743847_1131337435103091_908373404291959320_n.jpg\" alt=\"472743847_1131337435103091_908373404291959320_n\" \/><\/figure><\/div><div class=\"swiper-slide\" role=\"group\" aria-roledescription=\"slide\" aria-label=\"15 of 25\"><figure class=\"swiper-slide-inner\"><img decoding=\"async\" class=\"swiper-slide-image\" src=\"https:\/\/musineinstitute.org\/wp-content\/uploads\/2026\/02\/472743001_1131337295103105_7446383097153893919_n.jpg\" alt=\"472743001_1131337295103105_7446383097153893919_n\" \/><\/figure><\/div><div class=\"swiper-slide\" role=\"group\" aria-roledescription=\"slide\" aria-label=\"16 of 25\"><figure class=\"swiper-slide-inner\"><img decoding=\"async\" class=\"swiper-slide-image\" src=\"https:\/\/musineinstitute.org\/wp-content\/uploads\/2026\/02\/472742007_1131337318436436_8835617798872346965_n.jpg\" alt=\"472742007_1131337318436436_8835617798872346965_n\" \/><\/figure><\/div><div class=\"swiper-slide\" role=\"group\" aria-roledescription=\"slide\" aria-label=\"17 of 25\"><figure class=\"swiper-slide-inner\"><img decoding=\"async\" class=\"swiper-slide-image\" src=\"https:\/\/musineinstitute.org\/wp-content\/uploads\/2026\/02\/472732956_1131337265103108_3502873159088899942_n.jpg\" alt=\"472732956_1131337265103108_3502873159088899942_n\" \/><\/figure><\/div><div class=\"swiper-slide\" role=\"group\" aria-roledescription=\"slide\" aria-label=\"18 of 25\"><figure class=\"swiper-slide-inner\"><img decoding=\"async\" class=\"swiper-slide-image\" src=\"https:\/\/musineinstitute.org\/wp-content\/uploads\/2026\/02\/472721289_1131337298436438_5279808677183865359_n.jpg\" alt=\"472721289_1131337298436438_5279808677183865359_n\" \/><\/figure><\/div><div class=\"swiper-slide\" role=\"group\" aria-roledescription=\"slide\" aria-label=\"19 of 25\"><figure class=\"swiper-slide-inner\"><img decoding=\"async\" class=\"swiper-slide-image\" src=\"https:\/\/musineinstitute.org\/wp-content\/uploads\/2026\/02\/472721161_1131338791769622_86952882752810017_n.jpg\" alt=\"472721161_1131338791769622_86952882752810017_n\" \/><\/figure><\/div><div class=\"swiper-slide\" role=\"group\" aria-roledescription=\"slide\" aria-label=\"20 of 25\"><figure class=\"swiper-slide-inner\"><img decoding=\"async\" class=\"swiper-slide-image\" src=\"https:\/\/musineinstitute.org\/wp-content\/uploads\/2026\/02\/472720769_1131337438436424_369741054727530895_n.jpg\" alt=\"472720769_1131337438436424_369741054727530895_n\" \/><\/figure><\/div><div class=\"swiper-slide\" role=\"group\" aria-roledescription=\"slide\" aria-label=\"21 of 25\"><figure class=\"swiper-slide-inner\"><img decoding=\"async\" class=\"swiper-slide-image\" src=\"https:\/\/musineinstitute.org\/wp-content\/uploads\/2026\/02\/472718209_1131337328436435_7019133441629460864_n.jpg\" alt=\"472718209_1131337328436435_7019133441629460864_n\" \/><\/figure><\/div><div class=\"swiper-slide\" role=\"group\" aria-roledescription=\"slide\" aria-label=\"22 of 25\"><figure class=\"swiper-slide-inner\"><img decoding=\"async\" class=\"swiper-slide-image\" src=\"https:\/\/musineinstitute.org\/wp-content\/uploads\/2026\/02\/472717586_1131338488436319_7941117361805520443_n.jpg\" alt=\"472717586_1131338488436319_7941117361805520443_n\" \/><\/figure><\/div><div class=\"swiper-slide\" role=\"group\" aria-roledescription=\"slide\" aria-label=\"23 of 25\"><figure class=\"swiper-slide-inner\"><img decoding=\"async\" class=\"swiper-slide-image\" src=\"https:\/\/musineinstitute.org\/wp-content\/uploads\/2026\/02\/472692393_1131337361769765_6858867953268774027_n.jpg\" alt=\"472692393_1131337361769765_6858867953268774027_n\" \/><\/figure><\/div><div class=\"swiper-slide\" role=\"group\" aria-roledescription=\"slide\" aria-label=\"24 of 25\"><figure class=\"swiper-slide-inner\"><img decoding=\"async\" class=\"swiper-slide-image\" src=\"https:\/\/musineinstitute.org\/wp-content\/uploads\/2026\/02\/472581566_1131337405103094_1799212885283650818_n.jpg\" alt=\"472581566_1131337405103094_1799212885283650818_n\" \/><\/figure><\/div><div class=\"swiper-slide\" role=\"group\" aria-roledescription=\"slide\" aria-label=\"25 of 25\"><figure class=\"swiper-slide-inner\"><img decoding=\"async\" class=\"swiper-slide-image\" src=\"https:\/\/musineinstitute.org\/wp-content\/uploads\/2026\/02\/472549698_1131337255103109_7055787542352400662_n.jpg\" alt=\"472549698_1131337255103109_7055787542352400662_n\" \/><\/figure><\/div>\t\t\t<\/div>\n\t\t\t\t\t\t\t\t\t\t\t\t<div class=\"elementor-swiper-button elementor-swiper-button-prev\" role=\"button\" tabindex=\"0\">\n\t\t\t\t\t\t<svg aria-hidden=\"true\" class=\"e-font-icon-svg e-eicon-chevron-left\" viewBox=\"0 0 1000 1000\" xmlns=\"http:\/\/www.w3.org\/2000\/svg\"><path d=\"M646 125C629 125 613 133 604 142L308 442C296 454 292 471 292 487 292 504 296 521 308 533L604 854C617 867 629 875 646 875 663 875 679 871 692 858 704 846 713 829 713 812 713 796 708 779 692 767L438 487 692 225C700 217 708 204 708 187 708 171 704 154 692 142 675 129 663 125 646 125Z\"><\/path><\/svg>\t\t\t\t\t<\/div>\n\t\t\t\t\t<div class=\"elementor-swiper-button elementor-swiper-button-next\" role=\"button\" tabindex=\"0\">\n\t\t\t\t\t\t<svg aria-hidden=\"true\" class=\"e-font-icon-svg e-eicon-chevron-right\" viewBox=\"0 0 1000 1000\" xmlns=\"http:\/\/www.w3.org\/2000\/svg\"><path d=\"M696 533C708 521 713 504 713 487 713 471 708 454 696 446L400 146C388 133 375 125 354 125 338 125 325 129 313 142 300 154 292 171 292 187 292 204 296 221 308 233L563 492 304 771C292 783 288 800 288 817 288 833 296 850 308 863 321 871 338 875 354 875 371 875 388 867 400 854L696 533Z\"><\/path><\/svg>\t\t\t\t\t<\/div>\n\t\t\t\t\n\t\t\t\t\t\t\t\t\t<\/div>\n\t\t\t\t\t\t<\/div>\n\t\t\t\t<\/div>\n\t\t\t\t\t<\/div>\n\t\t\t\t<\/div>\n\t\t<div class=\"elementor-element elementor-element-fdcd92b e-flex e-con-boxed e-con e-parent\" data-id=\"fdcd92b\" data-element_type=\"container\" data-settings=\"{&quot;background_background&quot;:&quot;classic&quot;}\">\n\t\t\t\t\t<div class=\"e-con-inner\">\n\t\t\t\t<div class=\"elementor-element elementor-element-28b5913 elementor-widget__width-initial elementor-widget-tablet__width-inherit elementor-widget elementor-widget-text-editor\" data-id=\"28b5913\" data-element_type=\"widget\" data-widget_type=\"text-editor.default\">\n\t\t\t\t<div class=\"elementor-widget-container\">\n\t\t\t\t\t\t\t\t\t<p>Akademija javne i socijalne politike Musine Kokalari u\u00a0svom drugom izdanju odr\u017eana je od 14. novembra do 18. novembra 2022. godine u hotelu Sirius (Pri\u0161tina).<\/p>\t\t\t\t\t\t\t\t<\/div>\n\t\t\t\t<\/div>\n\t\t\t\t\t<\/div>\n\t\t\t\t<\/div>\n\t\t<div class=\"elementor-element elementor-element-1a753ce e-flex e-con-boxed e-con e-parent\" data-id=\"1a753ce\" data-element_type=\"container\">\n\t\t\t\t\t<div class=\"e-con-inner\">\n\t\t\t\t<div class=\"elementor-element elementor-element-5278541 elementor-widget__width-inherit elementor-widget elementor-widget-heading\" data-id=\"5278541\" data-element_type=\"widget\" data-widget_type=\"heading.default\">\n\t\t\t\t<div class=\"elementor-widget-container\">\n\t\t\t\t\t<h2 class=\"elementor-heading-title elementor-size-default\">Predava\u010di i Moderatori<\/h2>\t\t\t\t<\/div>\n\t\t\t\t<\/div>\n\t\t\t\t<div class=\"elementor-element elementor-element-66a8e86 elementor-widget__width-initial elementor-widget elementor-widget-text-editor\" data-id=\"66a8e86\" data-element_type=\"widget\" data-widget_type=\"text-editor.default\">\n\t\t\t\t<div class=\"elementor-widget-container\">\n\t\t\t\t\t\t\t\t\t<ul>\n<li data-start=\"0\" data-end=\"69\">\n<p data-start=\"2\" data-end=\"69\">Jean-Arnault D\u00e9rens, istori\u010dar iz Francuske i stru\u010dnjak za Balkan<\/p>\n<\/li>\n<li data-start=\"70\" data-end=\"119\">\n<p data-start=\"72\" data-end=\"119\">Fatos Lubonja, pisac i istra\u017eiva\u010d iz Albanije<\/p>\n<\/li>\n<li data-start=\"120\" data-end=\"305\">\n<p data-start=\"122\" data-end=\"305\">Nathalie Clayer, istra\u017eiva\u010dica iz Francuske specijalizovana za prou\u010davanje nacionalizma i procesa formiranja dr\u017eava u postosmanskom periodu, sa posebnim fokusom na Albaniju i Balkan<\/p>\n<\/li>\n<li data-start=\"306\" data-end=\"383\">\n<p data-start=\"308\" data-end=\"383\">Bekim Baliqi, politikolog sa Kosova i predava\u010d na Univerzitetu u Pri\u0161tini<\/p>\n<\/li>\n<li data-start=\"384\" data-end=\"489\">\n<p data-start=\"386\" data-end=\"489\">Mikael Skou Andersen, stru\u010dnjak za politiku za\u0161tite \u017eivotne sredine na Univerzitetu u Arhusu (Danska)<\/p>\n<\/li>\n<li data-start=\"490\" data-end=\"583\">\n<p data-start=\"492\" data-end=\"583\">Arlind Qori, politikolog iz Albanije i predava\u010d politi\u010dkih nauka na Univerzitetu u Tirani<\/p>\n<\/li>\n<li data-start=\"584\" data-end=\"673\">\n<p data-start=\"586\" data-end=\"673\">Ermira Danaj, istra\u017eiva\u010dica iz Albanije specijalizovana za feminizam i rodne politike<\/p>\n<\/li>\n<li data-start=\"674\" data-end=\"717\">\n<p data-start=\"676\" data-end=\"717\">Adri Nurellari, politikolog iz Albanije<\/p>\n<\/li>\n<li data-start=\"718\" data-end=\"757\">\n<p data-start=\"720\" data-end=\"757\">Leart Kola, politikolog iz Albanije<\/p>\n<\/li>\n<li data-start=\"758\" data-end=\"844\">\n<p data-start=\"760\" data-end=\"844\">Jelena Savi\u0107, istra\u017eiva\u010dica iz Srbije specijalizovana za teorijsku kritiku rasizma<\/p>\n<\/li>\n<li data-start=\"845\" data-end=\"940\">\n<p data-start=\"847\" data-end=\"940\">Valon Murati, politikolog sa Kosova i predava\u010d na Me\u0111unarodnom koled\u017eu Universum u Pri\u0161tini<\/p>\n<\/li>\n<li data-start=\"941\" data-end=\"1057\">\n<p data-start=\"943\" data-end=\"1057\">Edona Krasniqi, studentkinja sa Kosova specijalizovana za oblasti ekonomskog i politi\u010dkog razvoja javnog sektora<\/p>\n<\/li>\n<li data-start=\"1058\" data-end=\"1160\" data-is-last-node=\"\">\n<p data-start=\"1060\" data-end=\"1160\" data-is-last-node=\"\">Artan Mustafa, istra\u017eiva\u010d i predava\u010d na Univerzitetu na Kosovu, specijalizovan za socijalnu politiku<\/p>\n<\/li>\n<\/ul>\n\t\t\t\t\t\t\t\t<\/div>\n\t\t\t\t<\/div>\n\t\t\t\t\t<\/div>\n\t\t\t\t<\/div>\n\t\t<div class=\"elementor-element elementor-element-dab0a65 e-flex e-con-boxed e-con e-parent\" data-id=\"dab0a65\" data-element_type=\"container\">\n\t\t\t\t\t<div class=\"e-con-inner\">\n\t\t\t\t<div class=\"elementor-element elementor-element-e4887f1 elementor-widget__width-inherit elementor-widget elementor-widget-heading\" data-id=\"e4887f1\" data-element_type=\"widget\" data-widget_type=\"heading.default\">\n\t\t\t\t<div class=\"elementor-widget-container\">\n\t\t\t\t\t<h2 class=\"elementor-heading-title elementor-size-default\">Program<\/h2>\t\t\t\t<\/div>\n\t\t\t\t<\/div>\n\t\t\t\t<div class=\"elementor-element elementor-element-3ac763e elementor-widget__width-initial elementor-widget elementor-widget-text-editor\" data-id=\"3ac763e\" data-element_type=\"widget\" data-widget_type=\"text-editor.default\">\n\t\t\t\t<div class=\"elementor-widget-container\">\n\t\t\t\t\t\t\t\t\t<p data-start=\"0\" data-end=\"50\">Tokom pet dana Akademije obra\u0111ene su slede\u0107e teme:<\/p><p data-start=\"0\" data-end=\"50\">\u00a0<\/p><ul data-start=\"52\" data-end=\"372\"><li data-start=\"52\" data-end=\"114\"><p data-start=\"54\" data-end=\"114\">Nacija, nacionalizam, etnicitet, dr\u017eavnost i dr\u017eavljanstvo<\/p><\/li><li data-start=\"115\" data-end=\"163\"><p data-start=\"117\" data-end=\"163\">Nacionalni mitovi i definicije dr\u017eavljanstva<\/p><\/li><li data-start=\"164\" data-end=\"208\"><p data-start=\"166\" data-end=\"208\">Politi\u010dke ideologije i politi\u010dki spektar<\/p><\/li><li data-start=\"209\" data-end=\"256\"><p data-start=\"211\" data-end=\"256\">Jednakost, inkluzija i feministi\u010dke teorije<\/p><\/li><li data-start=\"257\" data-end=\"302\"><p data-start=\"259\" data-end=\"302\">Rasizam i antirasizam na Zapadnom Balkanu<\/p><\/li><li data-start=\"303\" data-end=\"372\"><p data-start=\"305\" data-end=\"372\">Javne i socijalne politike, ljudska prava i ekonomija blagostanja<\/p><\/li><\/ul><p>\u00a0<\/p><p data-start=\"374\" data-end=\"401\">Program je tako\u0111e oboga\u0107en:<\/p><p data-start=\"374\" data-end=\"401\">\u00a0<\/p><div class=\"flex flex-col text-sm pb-25\"><article class=\"text-token-text-primary w-full focus:outline-none [--shadow-height:45px] has-data-writing-block:pointer-events-none has-data-writing-block:-mt-(--shadow-height) has-data-writing-block:pt-(--shadow-height) [&amp;:has([data-writing-block])&gt;*]:pointer-events-auto scroll-mt-[calc(var(--header-height)+min(200px,max(70px,20svh)))]\" dir=\"auto\" tabindex=\"-1\" data-turn-id=\"request-WEB:e2b6278a-f96c-499e-98c4-7139563f8d60-5\" data-testid=\"conversation-turn-6\" data-scroll-anchor=\"true\" data-turn=\"assistant\"><div class=\"text-base my-auto mx-auto pb-10 [--thread-content-margin:--spacing(4)] @w-sm\/main:[--thread-content-margin:--spacing(6)] @w-lg\/main:[--thread-content-margin:--spacing(16)] px-(--thread-content-margin)\"><div class=\"[--thread-content-max-width:40rem] @w-lg\/main:[--thread-content-max-width:48rem] mx-auto max-w-(--thread-content-max-width) flex-1 group\/turn-messages focus-visible:outline-hidden relative flex w-full min-w-0 flex-col agent-turn\" tabindex=\"-1\"><div class=\"flex max-w-full flex-col grow\"><div class=\"min-h-8 text-message relative flex w-full flex-col items-end gap-2 text-start break-words whitespace-normal [.text-message+&amp;]:mt-1\" dir=\"auto\" data-message-author-role=\"assistant\" data-message-id=\"b0ba8b0b-a57a-4c99-ab66-23181739deed\" data-message-model-slug=\"gpt-5-2\"><div class=\"flex w-full flex-col gap-1 empty:hidden first:pt-[1px]\"><div class=\"markdown prose dark:prose-invert w-full wrap-break-word light markdown-new-styling\"><ul data-start=\"0\" data-end=\"825\" data-is-only-node=\"\" data-is-last-node=\"\"><li data-start=\"0\" data-end=\"245\"><p data-start=\"2\" data-end=\"63\">Projekcijama odabranih dokumentarnih filmova, kao \u0161to su:<\/p><\/li><\/ul><p>\u00a0<\/p><ul data-start=\"0\" data-end=\"825\" data-is-only-node=\"\" data-is-last-node=\"\"><li data-start=\"0\" data-end=\"245\"><p data-start=\"2\" data-end=\"63\">\u201eWhose is This Song?\u201c \u2013 dokumentarac o nacionalnim identitetima na Balkanu<\/p><\/li><li data-start=\"0\" data-end=\"245\"><p data-start=\"2\" data-end=\"63\">\u201eBehemoth\u201c \u2013 osvrt na ekolo\u0161ko uni\u0161tavanje i dru\u0161tvene posledice nekontrolisane industrijalizacije<\/p><\/li><\/ul><ul data-start=\"0\" data-end=\"825\" data-is-only-node=\"\" data-is-last-node=\"\"><li style=\"list-style-type: none;\">\u00a0<\/li><li data-start=\"247\" data-end=\"443\"><p data-start=\"249\" data-end=\"310\">Ideolo\u0161kim debatama i otvorenim diskusijama, uklju\u010duju\u0107i: Diskusiju \u201eLevica i desnica na Kosovu i u regionu\u201c \u2014 uz u\u010de\u0161\u0107e analiti\u010dara i istra\u017eiva\u010da iz razli\u010ditih delova politi\u010dkog spektra<\/p><\/li><\/ul><p>\u00a0<\/p><ul data-start=\"0\" data-end=\"825\" data-is-only-node=\"\" data-is-last-node=\"\"><li data-start=\"445\" data-end=\"593\"><p data-start=\"447\" data-end=\"526\">Susretima i diskusijama sa predstavnicima LGBTQI zajednice, fokusiranim na promovisanje jednakosti i inkluzije u kosovskom dru\u0161tvu i \u0161ire<\/p><\/li><\/ul><p>\u00a0<\/p><ul data-start=\"0\" data-end=\"825\" data-is-only-node=\"\" data-is-last-node=\"\"><li data-start=\"595\" data-end=\"825\" data-is-last-node=\"\"><p data-start=\"597\" data-end=\"649\">Obrazovnim i kulturnim aktivnostima, kao \u0161to su: Analiza istorijskih dokumenata i izlo\u017ebi vezanih za demokratsko i dru\u0161tveno nasle\u0111e regiona i Interaktivne radionice za razvoj zagovara\u010dkih ve\u0161tina i kriti\u010dkog mi\u0161ljenja<\/p><p data-start=\"597\" data-end=\"649\">\u00a0<\/p><\/li><\/ul><\/div><\/div><\/div><\/div><\/div><\/div><\/article><\/div>\t\t\t\t\t\t\t\t<\/div>\n\t\t\t\t<\/div>\n\t\t\t\t\t<\/div>\n\t\t\t\t<\/div>\n\t\t<div class=\"elementor-element elementor-element-19ea264 e-flex e-con-boxed e-con e-parent\" data-id=\"19ea264\" data-element_type=\"container\" data-settings=\"{&quot;background_background&quot;:&quot;classic&quot;}\">\n\t\t\t\t\t<div class=\"e-con-inner\">\n\t\t\t\t<div class=\"elementor-element elementor-element-1e10439 elementor-widget__width-inherit elementor-widget elementor-widget-heading\" data-id=\"1e10439\" data-element_type=\"widget\" data-widget_type=\"heading.default\">\n\t\t\t\t<div class=\"elementor-widget-container\">\n\t\t\t\t\t<h2 class=\"elementor-heading-title elementor-size-default\">Akademija za javnu i socijalnu politiku Musine Kokalari 2022. godine organizovana je uz podr\u0161ku<\/h2>\t\t\t\t<\/div>\n\t\t\t\t<\/div>\n\t\t<div class=\"elementor-element elementor-element-8f4d410 e-con-full e-flex e-con e-child\" data-id=\"8f4d410\" data-element_type=\"container\">\n\t\t\t\t<div class=\"elementor-element elementor-element-be3971c elementor-widget elementor-widget-image\" data-id=\"be3971c\" data-element_type=\"widget\" data-widget_type=\"image.default\">\n\t\t\t\t<div class=\"elementor-widget-container\">\n\t\t\t\t\t\t\t\t\t\t\t\t\t\t\t<img decoding=\"async\" width=\"300\" height=\"134\" src=\"https:\/\/musineinstitute.org\/wp-content\/uploads\/2025\/06\/academy-img.png\" class=\"attachment-full size-full wp-image-4683\" alt=\"\" \/>\t\t\t\t\t\t\t\t\t\t\t\t\t\t\t<\/div>\n\t\t\t\t<\/div>\n\t\t\t\t<\/div>\n\t\t\t\t\t<\/div>\n\t\t\t\t<\/div>\n\t\t\t\t<\/div>\n\t\t","protected":false},"excerpt":{"rendered":"<p>Akademija javne i socijalne politike Musina Kokalari 2022 Akademija javne i socijalne politike Musine Kokalari u\u00a0svom drugom izdanju odr\u017eana je od 14. novembra do 18. novembra 2022. godine u hotelu Sirius (Pri\u0161tina). Predava\u010di i Moderatori Jean-Arnault D\u00e9rens, istori\u010dar iz Francuske i stru\u010dnjak za Balkan Fatos Lubonja, pisac i istra\u017eiva\u010d iz Albanije Nathalie Clayer, istra\u017eiva\u010dica iz [&hellip;]<\/p>\n","protected":false},"author":4,"featured_media":0,"parent":0,"menu_order":0,"comment_status":"closed","ping_status":"closed","template":"","meta":{"footnotes":""},"class_list":["post-10116","page","type-page","status-publish","hentry"],"_links":{"self":[{"href":"https:\/\/musineinstitute.org\/sr\/wp-json\/wp\/v2\/pages\/10116","targetHints":{"allow":["GET"]}}],"collection":[{"href":"https:\/\/musineinstitute.org\/sr\/wp-json\/wp\/v2\/pages"}],"about":[{"href":"https:\/\/musineinstitute.org\/sr\/wp-json\/wp\/v2\/types\/page"}],"author":[{"embeddable":true,"href":"https:\/\/musineinstitute.org\/sr\/wp-json\/wp\/v2\/users\/4"}],"replies":[{"embeddable":true,"href":"https:\/\/musineinstitute.org\/sr\/wp-json\/wp\/v2\/comments?post=10116"}],"version-history":[{"count":7,"href":"https:\/\/musineinstitute.org\/sr\/wp-json\/wp\/v2\/pages\/10116\/revisions"}],"predecessor-version":[{"id":10704,"href":"https:\/\/musineinstitute.org\/sr\/wp-json\/wp\/v2\/pages\/10116\/revisions\/10704"}],"wp:attachment":[{"href":"https:\/\/musineinstitute.org\/sr\/wp-json\/wp\/v2\/media?parent=10116"}],"curies":[{"name":"wp","href":"https:\/\/api.w.org\/{rel}","templated":true}]}}