{"id":10098,"date":"2026-01-30T16:32:53","date_gmt":"2026-01-30T16:32:53","guid":{"rendered":"https:\/\/musineinstitute.org\/akademija-2021\/"},"modified":"2026-02-24T15:13:57","modified_gmt":"2026-02-24T15:13:57","slug":"akademija-2021","status":"publish","type":"page","link":"https:\/\/musineinstitute.org\/sr\/akademija-2021\/","title":{"rendered":"Akademija 2021"},"content":{"rendered":"\t\t<div data-elementor-type=\"wp-page\" data-elementor-id=\"10098\" class=\"elementor elementor-10098 elementor-9387\" data-elementor-post-type=\"page\">\n\t\t\t\t<div class=\"elementor-element elementor-element-8ecfc61 e-flex e-con-boxed e-con e-parent\" data-id=\"8ecfc61\" data-element_type=\"container\" data-settings=\"{&quot;background_background&quot;:&quot;classic&quot;}\">\n\t\t\t\t\t<div class=\"e-con-inner\">\n\t\t\t\t<div class=\"elementor-element elementor-element-8fc0b6b elementor-widget elementor-widget-heading\" data-id=\"8fc0b6b\" data-element_type=\"widget\" data-widget_type=\"heading.default\">\n\t\t\t\t<div class=\"elementor-widget-container\">\n\t\t\t\t\t<h1 class=\"elementor-heading-title elementor-size-default\">Akademija za javnu i socijalnu politiku Musine Kokalari 2021<\/h1>\t\t\t\t<\/div>\n\t\t\t\t<\/div>\n\t\t\t\t\t<\/div>\n\t\t\t\t<\/div>\n\t\t<div class=\"elementor-element elementor-element-8ecaee1 e-flex e-con-boxed e-con e-parent\" data-id=\"8ecaee1\" data-element_type=\"container\" data-settings=\"{&quot;background_background&quot;:&quot;classic&quot;}\">\n\t\t\t\t\t<div class=\"e-con-inner\">\n\t\t\t\t<div class=\"elementor-element elementor-element-d35f331 elementor-arrows-position-inside elementor-widget elementor-widget-image-carousel\" data-id=\"d35f331\" data-element_type=\"widget\" data-settings=\"{&quot;slides_to_show&quot;:&quot;3&quot;,&quot;slides_to_scroll&quot;:&quot;3&quot;,&quot;navigation&quot;:&quot;arrows&quot;,&quot;autoplay_speed&quot;:500,&quot;speed&quot;:5000,&quot;autoplay&quot;:&quot;yes&quot;,&quot;infinite&quot;:&quot;yes&quot;,&quot;image_spacing_custom&quot;:{&quot;unit&quot;:&quot;px&quot;,&quot;size&quot;:20,&quot;sizes&quot;:[]},&quot;image_spacing_custom_tablet&quot;:{&quot;unit&quot;:&quot;px&quot;,&quot;size&quot;:&quot;&quot;,&quot;sizes&quot;:[]},&quot;image_spacing_custom_mobile&quot;:{&quot;unit&quot;:&quot;px&quot;,&quot;size&quot;:&quot;&quot;,&quot;sizes&quot;:[]}}\" data-widget_type=\"image-carousel.default\">\n\t\t\t\t<div class=\"elementor-widget-container\">\n\t\t\t\t\t\t\t<div class=\"elementor-image-carousel-wrapper swiper\" role=\"region\" aria-roledescription=\"carousel\" aria-label=\"Academy 2021\" dir=\"ltr\">\n\t\t\t<div class=\"elementor-image-carousel swiper-wrapper swiper-image-stretch\" aria-live=\"off\">\n\t\t\t\t\t\t\t\t<div class=\"swiper-slide\" role=\"group\" aria-roledescription=\"slide\" aria-label=\"1 of 19\"><figure class=\"swiper-slide-inner\"><img decoding=\"async\" class=\"swiper-slide-image\" src=\"https:\/\/musineinstitute.org\/wp-content\/uploads\/2026\/01\/468838829_1108024857434349_8326798373687904348_n.jpg\" alt=\"468838829_1108024857434349_8326798373687904348_n\" \/><\/figure><\/div><div class=\"swiper-slide\" role=\"group\" aria-roledescription=\"slide\" aria-label=\"2 of 19\"><figure class=\"swiper-slide-inner\"><img decoding=\"async\" class=\"swiper-slide-image\" src=\"https:\/\/musineinstitute.org\/wp-content\/uploads\/2026\/01\/468858571_1108024807434354_4160363235754690665_n.jpg\" alt=\"468858571_1108024807434354_4160363235754690665_n\" \/><\/figure><\/div><div class=\"swiper-slide\" role=\"group\" aria-roledescription=\"slide\" aria-label=\"3 of 19\"><figure class=\"swiper-slide-inner\"><img decoding=\"async\" class=\"swiper-slide-image\" src=\"https:\/\/musineinstitute.org\/wp-content\/uploads\/2026\/01\/468919426_1108018567434978_5059966591543545138_n.jpg\" alt=\"468919426_1108018567434978_5059966591543545138_n\" \/><\/figure><\/div><div class=\"swiper-slide\" role=\"group\" aria-roledescription=\"slide\" aria-label=\"4 of 19\"><figure class=\"swiper-slide-inner\"><img decoding=\"async\" class=\"swiper-slide-image\" src=\"https:\/\/musineinstitute.org\/wp-content\/uploads\/2026\/01\/468934732_1108024860767682_7689144571212466094_n.jpg\" alt=\"468934732_1108024860767682_7689144571212466094_n\" \/><\/figure><\/div><div class=\"swiper-slide\" role=\"group\" aria-roledescription=\"slide\" aria-label=\"5 of 19\"><figure class=\"swiper-slide-inner\"><img decoding=\"async\" class=\"swiper-slide-image\" src=\"https:\/\/musineinstitute.org\/wp-content\/uploads\/2026\/01\/468944552_1108017817435053_4920502740699657348_n.jpg\" alt=\"468944552_1108017817435053_4920502740699657348_n\" \/><\/figure><\/div><div class=\"swiper-slide\" role=\"group\" aria-roledescription=\"slide\" aria-label=\"6 of 19\"><figure class=\"swiper-slide-inner\"><img decoding=\"async\" class=\"swiper-slide-image\" src=\"https:\/\/musineinstitute.org\/wp-content\/uploads\/2026\/01\/468945551_1108025084100993_1611011738945850186_n.jpg\" alt=\"468945551_1108025084100993_1611011738945850186_n\" \/><\/figure><\/div><div class=\"swiper-slide\" role=\"group\" aria-roledescription=\"slide\" aria-label=\"7 of 19\"><figure class=\"swiper-slide-inner\"><img decoding=\"async\" class=\"swiper-slide-image\" src=\"https:\/\/musineinstitute.org\/wp-content\/uploads\/2026\/01\/468975203_1108016557435179_6167107190851669974_n.jpg\" alt=\"468975203_1108016557435179_6167107190851669974_n\" \/><\/figure><\/div><div class=\"swiper-slide\" role=\"group\" aria-roledescription=\"slide\" aria-label=\"8 of 19\"><figure class=\"swiper-slide-inner\"><img decoding=\"async\" class=\"swiper-slide-image\" src=\"https:\/\/musineinstitute.org\/wp-content\/uploads\/2026\/01\/468999455_1108017827435052_5218289471275462121_n.jpg\" alt=\"468999455_1108017827435052_5218289471275462121_n\" \/><\/figure><\/div><div class=\"swiper-slide\" role=\"group\" aria-roledescription=\"slide\" aria-label=\"9 of 19\"><figure class=\"swiper-slide-inner\"><img decoding=\"async\" class=\"swiper-slide-image\" src=\"https:\/\/musineinstitute.org\/wp-content\/uploads\/2026\/01\/469011745_1108021317434703_7590397024242788712_n.jpg\" alt=\"469011745_1108021317434703_7590397024242788712_n\" \/><\/figure><\/div><div class=\"swiper-slide\" role=\"group\" aria-roledescription=\"slide\" aria-label=\"10 of 19\"><figure class=\"swiper-slide-inner\"><img decoding=\"async\" class=\"swiper-slide-image\" src=\"https:\/\/musineinstitute.org\/wp-content\/uploads\/2026\/01\/469035978_1108024797434355_4854016134231586555_n.jpg\" alt=\"469035978_1108024797434355_4854016134231586555_n\" \/><\/figure><\/div><div class=\"swiper-slide\" role=\"group\" aria-roledescription=\"slide\" aria-label=\"11 of 19\"><figure class=\"swiper-slide-inner\"><img decoding=\"async\" class=\"swiper-slide-image\" src=\"https:\/\/musineinstitute.org\/wp-content\/uploads\/2026\/01\/469036691_1108016294101872_3152406305630295764_n.jpg\" alt=\"469036691_1108016294101872_3152406305630295764_n\" \/><\/figure><\/div><div class=\"swiper-slide\" role=\"group\" aria-roledescription=\"slide\" aria-label=\"12 of 19\"><figure class=\"swiper-slide-inner\"><img decoding=\"async\" class=\"swiper-slide-image\" src=\"https:\/\/musineinstitute.org\/wp-content\/uploads\/2026\/01\/469058097_1108023580767810_5238362071988283586_n.jpg\" alt=\"469058097_1108023580767810_5238362071988283586_n\" \/><\/figure><\/div><div class=\"swiper-slide\" role=\"group\" aria-roledescription=\"slide\" aria-label=\"13 of 19\"><figure class=\"swiper-slide-inner\"><img decoding=\"async\" class=\"swiper-slide-image\" src=\"https:\/\/musineinstitute.org\/wp-content\/uploads\/2026\/01\/469066331_1108024827434352_8093654563257558427_n.jpg\" alt=\"469066331_1108024827434352_8093654563257558427_n\" \/><\/figure><\/div><div class=\"swiper-slide\" role=\"group\" aria-roledescription=\"slide\" aria-label=\"14 of 19\"><figure class=\"swiper-slide-inner\"><img decoding=\"async\" class=\"swiper-slide-image\" src=\"https:\/\/musineinstitute.org\/wp-content\/uploads\/2026\/01\/469084865_1108017824101719_7514639954283198987_n.jpg\" alt=\"469084865_1108017824101719_7514639954283198987_n\" \/><\/figure><\/div><div class=\"swiper-slide\" role=\"group\" aria-roledescription=\"slide\" aria-label=\"15 of 19\"><figure class=\"swiper-slide-inner\"><img decoding=\"async\" class=\"swiper-slide-image\" src=\"https:\/\/musineinstitute.org\/wp-content\/uploads\/2026\/01\/469107914_1108023607434474_834831867215554481_n.jpg\" alt=\"469107914_1108023607434474_834831867215554481_n\" \/><\/figure><\/div><div class=\"swiper-slide\" role=\"group\" aria-roledescription=\"slide\" aria-label=\"16 of 19\"><figure class=\"swiper-slide-inner\"><img decoding=\"async\" class=\"swiper-slide-image\" src=\"https:\/\/musineinstitute.org\/wp-content\/uploads\/2026\/01\/469122485_1108016577435177_8180077191700255540_n.jpg\" alt=\"469122485_1108016577435177_8180077191700255540_n\" \/><\/figure><\/div><div class=\"swiper-slide\" role=\"group\" aria-roledescription=\"slide\" aria-label=\"17 of 19\"><figure class=\"swiper-slide-inner\"><img decoding=\"async\" class=\"swiper-slide-image\" src=\"https:\/\/musineinstitute.org\/wp-content\/uploads\/2026\/01\/469123804_1108025064100995_6722302538020114676_n.jpg\" alt=\"469123804_1108025064100995_6722302538020114676_n\" \/><\/figure><\/div><div class=\"swiper-slide\" role=\"group\" aria-roledescription=\"slide\" aria-label=\"18 of 19\"><figure class=\"swiper-slide-inner\"><img decoding=\"async\" class=\"swiper-slide-image\" src=\"https:\/\/musineinstitute.org\/wp-content\/uploads\/2026\/01\/469185155_1108025070767661_214670964380329844_n.jpg\" alt=\"469185155_1108025070767661_214670964380329844_n\" \/><\/figure><\/div><div class=\"swiper-slide\" role=\"group\" aria-roledescription=\"slide\" aria-label=\"19 of 19\"><figure class=\"swiper-slide-inner\"><img decoding=\"async\" class=\"swiper-slide-image\" src=\"https:\/\/musineinstitute.org\/wp-content\/uploads\/2026\/01\/469246674_1108024824101019_1307365738330541226_n.jpg\" alt=\"469246674_1108024824101019_1307365738330541226_n\" \/><\/figure><\/div>\t\t\t<\/div>\n\t\t\t\t\t\t\t\t\t\t\t\t<div class=\"elementor-swiper-button elementor-swiper-button-prev\" role=\"button\" tabindex=\"0\">\n\t\t\t\t\t\t<svg aria-hidden=\"true\" class=\"e-font-icon-svg e-eicon-chevron-left\" viewBox=\"0 0 1000 1000\" xmlns=\"http:\/\/www.w3.org\/2000\/svg\"><path d=\"M646 125C629 125 613 133 604 142L308 442C296 454 292 471 292 487 292 504 296 521 308 533L604 854C617 867 629 875 646 875 663 875 679 871 692 858 704 846 713 829 713 812 713 796 708 779 692 767L438 487 692 225C700 217 708 204 708 187 708 171 704 154 692 142 675 129 663 125 646 125Z\"><\/path><\/svg>\t\t\t\t\t<\/div>\n\t\t\t\t\t<div class=\"elementor-swiper-button elementor-swiper-button-next\" role=\"button\" tabindex=\"0\">\n\t\t\t\t\t\t<svg aria-hidden=\"true\" class=\"e-font-icon-svg e-eicon-chevron-right\" viewBox=\"0 0 1000 1000\" xmlns=\"http:\/\/www.w3.org\/2000\/svg\"><path d=\"M696 533C708 521 713 504 713 487 713 471 708 454 696 446L400 146C388 133 375 125 354 125 338 125 325 129 313 142 300 154 292 171 292 187 292 204 296 221 308 233L563 492 304 771C292 783 288 800 288 817 288 833 296 850 308 863 321 871 338 875 354 875 371 875 388 867 400 854L696 533Z\"><\/path><\/svg>\t\t\t\t\t<\/div>\n\t\t\t\t\n\t\t\t\t\t\t\t\t\t<\/div>\n\t\t\t\t\t\t<\/div>\n\t\t\t\t<\/div>\n\t\t\t\t\t<\/div>\n\t\t\t\t<\/div>\n\t\t<div class=\"elementor-element elementor-element-f72e572 e-flex e-con-boxed e-con e-parent\" data-id=\"f72e572\" data-element_type=\"container\" data-settings=\"{&quot;background_background&quot;:&quot;classic&quot;}\">\n\t\t\t\t\t<div class=\"e-con-inner\">\n\t\t\t\t<div class=\"elementor-element elementor-element-d93d521 elementor-widget__width-initial elementor-widget-tablet__width-inherit elementor-widget elementor-widget-text-editor\" data-id=\"d93d521\" data-element_type=\"widget\" data-widget_type=\"text-editor.default\">\n\t\t\t\t<div class=\"elementor-widget-container\">\n\t\t\t\t\t\t\t\t\t<p>Akademija za javnu i socijalnu politiku Musine Kokalari odr\u017eana je po prvi put od 27. septembra do 1. oktobra 2021. godine u hotelu &#8216;Nartel&#8217; (Pri\u0161tina)<\/p>\t\t\t\t\t\t\t\t<\/div>\n\t\t\t\t<\/div>\n\t\t\t\t\t<\/div>\n\t\t\t\t<\/div>\n\t\t<div class=\"elementor-element elementor-element-0c85769 e-flex e-con-boxed e-con e-parent\" data-id=\"0c85769\" data-element_type=\"container\">\n\t\t\t\t\t<div class=\"e-con-inner\">\n\t\t\t\t<div class=\"elementor-element elementor-element-a698cf1 elementor-widget__width-inherit elementor-widget elementor-widget-heading\" data-id=\"a698cf1\" data-element_type=\"widget\" data-widget_type=\"heading.default\">\n\t\t\t\t<div class=\"elementor-widget-container\">\n\t\t\t\t\t<h2 class=\"elementor-heading-title elementor-size-default\">Predava\u010di i Moderatori<\/h2>\t\t\t\t<\/div>\n\t\t\t\t<\/div>\n\t\t\t\t<div class=\"elementor-element elementor-element-9a0037f elementor-widget__width-initial elementor-widget elementor-widget-text-editor\" data-id=\"9a0037f\" data-element_type=\"widget\" data-widget_type=\"text-editor.default\">\n\t\t\t\t<div class=\"elementor-widget-container\">\n\t\t\t\t\t\t\t\t\t<ul><li>Jean-Arnault D\u00e9rens, istori\u010dar iz Francuske i specijalista za Balkan<\/li><li>Fatos Lubonja, pisac i istra\u017eiva\u010d iz Albanije<\/li><li>Adri Nurellari, politikolog iz Albanije<\/li><li>G\u00ebzim Krasniqi, politikolog sa Kosova i predava\u010d na Univerzitetu u Edinburgu (\u0160kotska)<\/li><li>Filip Ballunovi\u0107, politikolog iz Srbije i istra\u017eiva\u010d na Institutu za filozofiju i dru\u0161tvenu teoriju, Univerzitet u Beogradu<\/li><li>Dritan Dragusha, filozof sa Kosova<\/li><li>Agon Maliqi, politi\u010dki analiti\u010dar sa Kosova i istra\u017eiva\u010d me\u0111unarodnih razvojnih politika<\/li><li>Meliza Krasniqi, istra\u017eiva\u010dica albanske knji\u017eevnosti sa Kosova, specijalizovana za knji\u017eevno delo Musine Kokalari<\/li><li>G\u00ebzim Selaci, sociolog sa Kosova i predava\u010d na Univerzitetu u Pri\u0161tini<\/li><li>Ermira Danaj, istra\u017eiva\u010dica iz Albanije specijalizovana za oblasti feminizma i rodne politike<\/li><li>Artan Mustafa, istra\u017eiva\u010d i univerzitetski predava\u010d sa Kosova, specijalizovan za socijalne politike<\/li><\/ul>\t\t\t\t\t\t\t\t<\/div>\n\t\t\t\t<\/div>\n\t\t\t\t\t<\/div>\n\t\t\t\t<\/div>\n\t\t<div class=\"elementor-element elementor-element-27f96b2 e-flex e-con-boxed e-con e-parent\" data-id=\"27f96b2\" data-element_type=\"container\">\n\t\t\t\t\t<div class=\"e-con-inner\">\n\t\t\t\t<div class=\"elementor-element elementor-element-aba5ed9 elementor-widget__width-inherit elementor-widget elementor-widget-heading\" data-id=\"aba5ed9\" data-element_type=\"widget\" data-widget_type=\"heading.default\">\n\t\t\t\t<div class=\"elementor-widget-container\">\n\t\t\t\t\t<h2 class=\"elementor-heading-title elementor-size-default\">Program<\/h2>\t\t\t\t<\/div>\n\t\t\t\t<\/div>\n\t\t\t\t<div class=\"elementor-element elementor-element-9dca54c elementor-widget__width-initial elementor-widget elementor-widget-text-editor\" data-id=\"9dca54c\" data-element_type=\"widget\" data-widget_type=\"text-editor.default\">\n\t\t\t\t<div class=\"elementor-widget-container\">\n\t\t\t\t\t\t\t\t\t<p>Tokom pet dana Akademije, obra\u0111ene su sledec\u0301e teme:<\/p><p>\u00a0<\/p><ul><li>Dru\u0161tvena istorija i izgradnja nacije<\/li><li>Nacionalizam, dr\u017eavnost i gra\u0111anstvo<\/li><li>Politi\u010dke ideologije i politi\u010dki spektar<\/li><li>Sloboda izra\u017eavanja, sloboda veroispovesti i sekularizam<\/li><li>Feminizam i teorija intersekcionalnosti<\/li><li>Javna politika, sindikalizam i prava radnika<\/li><\/ul><p>\u00a0<\/p><p>Program je bio obogac\u0301en:<\/p><p>\u00a0<\/p><ul><li>Projekcije filmova i dokumentarnih filmova kao \u0161to su \u201e<em>Parrullat<\/em>\u201c, <em>\u201cWhose is This Song?\u201d<\/em>\u00a0i \u201e<em>Behemoth<\/em>\u201c, uz diskusije<\/li><li>Kulturne i istra\u017eiva\u010dke aktivnosti, uklju\u010dujuc\u0301i izlo\u017ebu autenti\u010dnih dokumenata Musine Kokalari<\/li><\/ul>\t\t\t\t\t\t\t\t<\/div>\n\t\t\t\t<\/div>\n\t\t\t\t\t<\/div>\n\t\t\t\t<\/div>\n\t\t<div class=\"elementor-element elementor-element-52f849f e-flex e-con-boxed e-con e-parent\" data-id=\"52f849f\" data-element_type=\"container\" data-settings=\"{&quot;background_background&quot;:&quot;classic&quot;}\">\n\t\t\t\t\t<div class=\"e-con-inner\">\n\t\t\t\t<div class=\"elementor-element elementor-element-fd08be4 elementor-widget__width-inherit elementor-widget elementor-widget-heading\" data-id=\"fd08be4\" data-element_type=\"widget\" data-widget_type=\"heading.default\">\n\t\t\t\t<div class=\"elementor-widget-container\">\n\t\t\t\t\t<h2 class=\"elementor-heading-title elementor-size-default\">Akademija za javnu i socijalnu politiku Musine Kokalari 2021 organizovana je uz podr\u0161ku<\/h2>\t\t\t\t<\/div>\n\t\t\t\t<\/div>\n\t\t<div class=\"elementor-element elementor-element-ed09f06 e-con-full e-flex e-con e-child\" data-id=\"ed09f06\" data-element_type=\"container\">\n\t\t\t\t<div class=\"elementor-element elementor-element-d0f0644 elementor-widget elementor-widget-image\" data-id=\"d0f0644\" data-element_type=\"widget\" data-widget_type=\"image.default\">\n\t\t\t\t<div class=\"elementor-widget-container\">\n\t\t\t\t\t\t\t\t\t\t\t\t\t\t\t<img decoding=\"async\" width=\"300\" height=\"134\" src=\"https:\/\/musineinstitute.org\/wp-content\/uploads\/2025\/06\/academy-img.png\" class=\"attachment-full size-full wp-image-4683\" alt=\"\" \/>\t\t\t\t\t\t\t\t\t\t\t\t\t\t\t<\/div>\n\t\t\t\t<\/div>\n\t\t\t\t<\/div>\n\t\t\t\t\t<\/div>\n\t\t\t\t<\/div>\n\t\t\t\t<\/div>\n\t\t","protected":false},"excerpt":{"rendered":"<p>Akademija za javnu i socijalnu politiku Musine Kokalari 2021 Akademija za javnu i socijalnu politiku Musine Kokalari odr\u017eana je po prvi put od 27. septembra do 1. oktobra 2021. godine u hotelu &#8216;Nartel&#8217; (Pri\u0161tina) Predava\u010di i Moderatori Jean-Arnault D\u00e9rens, istori\u010dar iz Francuske i specijalista za Balkan Fatos Lubonja, pisac i istra\u017eiva\u010d iz Albanije Adri Nurellari, [&hellip;]<\/p>\n","protected":false},"author":4,"featured_media":0,"parent":0,"menu_order":0,"comment_status":"closed","ping_status":"closed","template":"","meta":{"footnotes":""},"class_list":["post-10098","page","type-page","status-publish","hentry"],"_links":{"self":[{"href":"https:\/\/musineinstitute.org\/sr\/wp-json\/wp\/v2\/pages\/10098","targetHints":{"allow":["GET"]}}],"collection":[{"href":"https:\/\/musineinstitute.org\/sr\/wp-json\/wp\/v2\/pages"}],"about":[{"href":"https:\/\/musineinstitute.org\/sr\/wp-json\/wp\/v2\/types\/page"}],"author":[{"embeddable":true,"href":"https:\/\/musineinstitute.org\/sr\/wp-json\/wp\/v2\/users\/4"}],"replies":[{"embeddable":true,"href":"https:\/\/musineinstitute.org\/sr\/wp-json\/wp\/v2\/comments?post=10098"}],"version-history":[{"count":7,"href":"https:\/\/musineinstitute.org\/sr\/wp-json\/wp\/v2\/pages\/10098\/revisions"}],"predecessor-version":[{"id":10758,"href":"https:\/\/musineinstitute.org\/sr\/wp-json\/wp\/v2\/pages\/10098\/revisions\/10758"}],"wp:attachment":[{"href":"https:\/\/musineinstitute.org\/sr\/wp-json\/wp\/v2\/media?parent=10098"}],"curies":[{"name":"wp","href":"https:\/\/api.w.org\/{rel}","templated":true}]}}